{"id":1026,"date":"2021-10-25T21:42:12","date_gmt":"2021-10-26T00:42:12","guid":{"rendered":"https:\/\/isfd80-bue.infd.edu.ar\/sitio\/?page_id=1026"},"modified":"2022-02-10T10:16:32","modified_gmt":"2022-02-10T13:16:32","slug":"carreras","status":"publish","type":"page","link":"https:\/\/isfd80-bue.infd.edu.ar\/sitio\/carreras\/","title":{"rendered":"CARRERAS"},"content":{"rendered":"\n<p>En esta secci\u00f3n podes conocer toda la oferta de carreras del Instituto. <\/p>\n\n\n\n<p>Desplega el men\u00fa para leer m\u00e1s informaci\u00f3n sobre Profesorados y Tecnicaturas.<\/p>\n","protected":false},"excerpt":{"rendered":"<p>En esta secci\u00f3n podes conocer toda la oferta de carreras del Instituto. Desplega el men\u00fa para leer m\u00e1s informaci\u00f3n sobre Profesorados y Tecnicaturas.<\/p>\n","protected":false},"author":876,"featured_media":0,"parent":0,"menu_order":0,"comment_status":"closed","ping_status":"closed","template":"","meta":[],"acf":[],"_links":{"self":[{"href":"https:\/\/isfd80-bue.infd.edu.ar\/sitio\/wp-json\/wp\/v2\/pages\/1026"}],"collection":[{"href":"https:\/\/isfd80-bue.infd.edu.ar\/sitio\/wp-json\/wp\/v2\/pages"}],"about":[{"href":"https:\/\/isfd80-bue.infd.edu.ar\/sitio\/wp-json\/wp\/v2\/types\/page"}],"author":[{"embeddable":true,"href":"https:\/\/isfd80-bue.infd.edu.ar\/sitio\/wp-json\/wp\/v2\/users\/876"}],"replies":[{"embeddable":true,"href":"https:\/\/isfd80-bue.infd.edu.ar\/sitio\/wp-json\/wp\/v2\/comments?post=1026"}],"version-history":[{"count":4,"href":"https:\/\/isfd80-bue.infd.edu.ar\/sitio\/wp-json\/wp\/v2\/pages\/1026\/revisions"}],"predecessor-version":[{"id":1337,"href":"https:\/\/isfd80-bue.infd.edu.ar\/sitio\/wp-json\/wp\/v2\/pages\/1026\/revisions\/1337"}],"wp:attachment":[{"href":"https:\/\/isfd80-bue.infd.edu.ar\/sitio\/wp-json\/wp\/v2\/media?parent=1026"}],"curies":[{"name":"wp","href":"https:\/\/api.w.org\/{rel}","templated":true}]}}