{"id":1028,"date":"2021-10-25T21:42:46","date_gmt":"2021-10-26T00:42:46","guid":{"rendered":"https:\/\/isfd80-bue.infd.edu.ar\/sitio\/?page_id=1028"},"modified":"2023-12-15T10:02:26","modified_gmt":"2023-12-15T13:02:26","slug":"profesorados","status":"publish","type":"page","link":"https:\/\/isfd80-bue.infd.edu.ar\/sitio\/profesorados\/","title":{"rendered":"Profesorados"},"content":{"rendered":"\n<p>Desplega el men\u00fa y accede a la informaci\u00f3n de los 3 profesorados que abren inscripci\u00f3n en 2024<\/p>\n","protected":false},"excerpt":{"rendered":"<p>Desplega el men\u00fa y accede a la informaci\u00f3n de los 3 profesorados que abren inscripci\u00f3n en 2024<\/p>\n","protected":false},"author":876,"featured_media":0,"parent":0,"menu_order":0,"comment_status":"closed","ping_status":"closed","template":"","meta":[],"acf":[],"_links":{"self":[{"href":"https:\/\/isfd80-bue.infd.edu.ar\/sitio\/wp-json\/wp\/v2\/pages\/1028"}],"collection":[{"href":"https:\/\/isfd80-bue.infd.edu.ar\/sitio\/wp-json\/wp\/v2\/pages"}],"about":[{"href":"https:\/\/isfd80-bue.infd.edu.ar\/sitio\/wp-json\/wp\/v2\/types\/page"}],"author":[{"embeddable":true,"href":"https:\/\/isfd80-bue.infd.edu.ar\/sitio\/wp-json\/wp\/v2\/users\/876"}],"replies":[{"embeddable":true,"href":"https:\/\/isfd80-bue.infd.edu.ar\/sitio\/wp-json\/wp\/v2\/comments?post=1028"}],"version-history":[{"count":2,"href":"https:\/\/isfd80-bue.infd.edu.ar\/sitio\/wp-json\/wp\/v2\/pages\/1028\/revisions"}],"predecessor-version":[{"id":1666,"href":"https:\/\/isfd80-bue.infd.edu.ar\/sitio\/wp-json\/wp\/v2\/pages\/1028\/revisions\/1666"}],"wp:attachment":[{"href":"https:\/\/isfd80-bue.infd.edu.ar\/sitio\/wp-json\/wp\/v2\/media?parent=1028"}],"curies":[{"name":"wp","href":"https:\/\/api.w.org\/{rel}","templated":true}]}}