{"id":1097,"date":"2021-11-01T19:05:28","date_gmt":"2021-11-01T22:05:28","guid":{"rendered":"https:\/\/isfd80-bue.infd.edu.ar\/sitio\/?page_id=1097"},"modified":"2024-01-17T10:30:40","modified_gmt":"2024-01-17T13:30:40","slug":"cai","status":"publish","type":"page","link":"https:\/\/isfd80-bue.infd.edu.ar\/sitio\/cai\/","title":{"rendered":"CAI"},"content":{"rendered":"\n<p class=\"has-black-color has-cyan-bluish-gray-background-color has-text-color has-background\"><strong>Consejo Acad\u00e9mico Institucional<\/strong><\/p>\n\n\n\n<p>El Consejo Acad\u00e9mico Institucional es un \u00f3rgano colegiado de asesoramiento, propuesta, debate y decisi\u00f3n que se propone promover y garantizar una gesti\u00f3n democr\u00e1tica de la instituci\u00f3n y cuya conformaci\u00f3n se decide mediante elecciones.<\/p>\n\n\n\n<p>Est\u00e1 conformado por la <em>directora del Instituto<\/em> quien preside el Consejo, y puede ser sustituido en ausencia por su natural reemplazo en orden jer\u00e1rquico; <em>representantes docentes<\/em>, <em>representantes de estudiantes<\/em> y <em>representantes del claustro no docente<\/em>. <\/p>\n\n\n\n<p>Su funci\u00f3n es intervenir en cuestiones vinculadas a la organizaci\u00f3n institucional, presupuestaria, tratamiento de la planta org\u00e1nica funcional, gesti\u00f3n curricular, proyectos de articulaci\u00f3n, proyectos de extensi\u00f3n e investigaci\u00f3n, concursos docentes, convivencia y trayectorias estudiantiles. <\/p>\n\n\n\n<p>El Consejo se re\u00fane durante todo el a\u00f1o en sesiones ordinarias y podr\u00e1n convocarse sesiones extraordinarias a pedido del Director o de por lo menos el 50% de los miembros titulares del Consejo. Las sesiones son de car\u00e1cter p\u00fablica, salvo situaci\u00f3n excepcional.<\/p>\n\n\n\n<p class=\"has-black-color has-cyan-bluish-gray-background-color has-text-color has-background\"><strong>Consejeros<\/strong><\/p>\n\n\n\n<p>El CAI est\u00e1 integrado por:<\/p>\n\n\n\n<ul>\n<li>Gabriela Garc\u00eda<\/li>\n<\/ul>\n\n\n\n<ul>\n<li>Maira Rosales<\/li>\n<\/ul>\n\n\n\n<ul>\n<li>Fernando Morelli<\/li>\n<\/ul>\n\n\n\n<ul>\n<li>Irup\u00e9 Rivero<\/li>\n<\/ul>\n\n\n\n<ul>\n<li>Marilina Ottaviani<\/li>\n<\/ul>\n\n\n\n<ul>\n<li>Matilde Mart\u00ednez<\/li>\n<\/ul>\n\n\n\n<ul>\n<li>Soraya Paparamborda<\/li>\n<\/ul>\n\n\n\n<ul>\n<li>Vanesa Walezuk<\/li>\n<\/ul>\n\n\n\n<p class=\"has-cyan-bluish-gray-background-color has-background\"><strong>\u00bfC\u00f3mo hacer una solicitud al CAI?<\/strong><\/p>\n\n\n\n<p>Para comunicarse y\/o realizar una solicitud al CAI debe: <\/p>\n\n\n\n<ul>\n<li>Entregar la carta de solicitud en sobre cerrado en preceptor\u00eda o bien enviarla por correo electr\u00f3nico a consejoacademico80@gmail.com<\/li>\n\n\n\n<li>El CAI abordar\u00e1 tu solicitud en la pr\u00f3xima sesi\u00f3n ordinaria y se expedir\u00e1 por escrito.<\/li>\n\n\n\n<li>Desde preceptor\u00eda o a trav\u00e9s del correo electr\u00f3nico te enviar\u00e1n la respuesta del CAI.<\/li>\n<\/ul>\n\n\n\n<p><a href=\"https:\/\/docs.google.com\/document\/d\/1T9Rxg6zwesi8QXNKzQLHPdvpa9dcNIgS\/edit?usp=sharing&amp;ouid=100124722418141044121&amp;rtpof=true&amp;sd=true\" data-type=\"URL\" data-id=\"https:\/\/docs.google.com\/document\/d\/1T9Rxg6zwesi8QXNKzQLHPdvpa9dcNIgS\/edit?usp=sharing&amp;ouid=100124722418141044121&amp;rtpof=true&amp;sd=true\" target=\"_blank\" rel=\"noreferrer noopener\">MODELO DE CARTA AL CAI<\/a><\/p>\n","protected":false},"excerpt":{"rendered":"<p>Consejo Acad\u00e9mico Institucional El Consejo Acad\u00e9mico Institucional es un \u00f3rgano colegiado de asesoramiento, propuesta, debate y decisi\u00f3n que se propone promover y garantizar una gesti\u00f3n democr\u00e1tica de la instituci\u00f3n y cuya conformaci\u00f3n se decide mediante elecciones. Est\u00e1 conformado por la directora del Instituto quien preside el Consejo, y puede ser sustituido en ausencia por su &#8230; <a title=\"CAI\" class=\"read-more\" href=\"https:\/\/isfd80-bue.infd.edu.ar\/sitio\/cai\/\" aria-label=\"More on CAI\">[+]<\/a><\/p>\n","protected":false},"author":122,"featured_media":0,"parent":0,"menu_order":0,"comment_status":"closed","ping_status":"closed","template":"","meta":[],"acf":[],"_links":{"self":[{"href":"https:\/\/isfd80-bue.infd.edu.ar\/sitio\/wp-json\/wp\/v2\/pages\/1097"}],"collection":[{"href":"https:\/\/isfd80-bue.infd.edu.ar\/sitio\/wp-json\/wp\/v2\/pages"}],"about":[{"href":"https:\/\/isfd80-bue.infd.edu.ar\/sitio\/wp-json\/wp\/v2\/types\/page"}],"author":[{"embeddable":true,"href":"https:\/\/isfd80-bue.infd.edu.ar\/sitio\/wp-json\/wp\/v2\/users\/122"}],"replies":[{"embeddable":true,"href":"https:\/\/isfd80-bue.infd.edu.ar\/sitio\/wp-json\/wp\/v2\/comments?post=1097"}],"version-history":[{"count":7,"href":"https:\/\/isfd80-bue.infd.edu.ar\/sitio\/wp-json\/wp\/v2\/pages\/1097\/revisions"}],"predecessor-version":[{"id":1682,"href":"https:\/\/isfd80-bue.infd.edu.ar\/sitio\/wp-json\/wp\/v2\/pages\/1097\/revisions\/1682"}],"wp:attachment":[{"href":"https:\/\/isfd80-bue.infd.edu.ar\/sitio\/wp-json\/wp\/v2\/media?parent=1097"}],"curies":[{"name":"wp","href":"https:\/\/api.w.org\/{rel}","templated":true}]}}