{"id":1166,"date":"2021-12-01T11:56:25","date_gmt":"2021-12-01T14:56:25","guid":{"rendered":"https:\/\/isfd80-bue.infd.edu.ar\/sitio\/?page_id=1166"},"modified":"2026-02-19T16:02:53","modified_gmt":"2026-02-19T19:02:53","slug":"analista-de-sistemas","status":"publish","type":"page","link":"https:\/\/isfd80-bue.infd.edu.ar\/sitio\/analista-de-sistemas\/","title":{"rendered":"Analista de Sistemas"},"content":{"rendered":"\n<p><a href=\"https:\/\/isfd80-bue.infd.edu.ar\/sitio\/inscripciones\/\" data-type=\"URL\" data-id=\"https:\/\/isfd80-bue.infd.edu.ar\/sitio\/inscripciones\/\">PREINSCRIPCI\u00d3N 2026<\/a><\/p>\n\n\n\n<ul>\n<li><strong>T\u00edtulo a otorgar: <\/strong>T\u00e9cnico Superior en An\u00e1lisis de Sistemas<\/li>\n\n\n\n<li><strong>Resoluci\u00f3n N\u00b0 6790\/19<\/strong><\/li>\n\n\n\n<li><strong>Duraci\u00f3n de la carrera en a\u00f1os acad\u00e9micos: <\/strong>Tres a\u00f1os<\/li>\n\n\n\n<li><strong>Carga horaria total: <\/strong>1856 horas<\/li>\n\n\n\n<li><strong>Turno de cursada<\/strong>: 18 a 23 horas<\/li>\n\n\n\n<li><strong>Modalidad de cursada:<\/strong> presencial<\/li>\n\n\n\n<li><strong>Perfil profesional: <\/strong>El Analista de Sistemas estar\u00e1 capacitado para planificar y gestionar un proyecto de desarrollo, participar en el an\u00e1lisis, dise\u00f1o, construcci\u00f3n, integraci\u00f3n y evoluci\u00f3n de soluciones inform\u00e1ticas, diagnosticar problemas y dise\u00f1ar soluciones inform\u00e1ticas de las organizaciones que as\u00ed lo requieran, entre otras. Estas competencias ser\u00e1n desarrolladas seg\u00fan las incumbencias y las normas t\u00e9cnicas y legales que rigen su campo.<\/li>\n\n\n\n<li><strong>\u00c1rea ocupacional:<\/strong> El Analista de Sistemas podr\u00e1 desempe\u00f1arse en todo tipo de organizaciones que requieran una persona o grupo de personas que dirijan el an\u00e1lisis, dise\u00f1o e implementaci\u00f3n de sistemas de informaci\u00f3n. Asimismo, podr\u00e1 trabajar de forma independiente, en proyectos relacionados con el an\u00e1lisis, dise\u00f1o, implementaci\u00f3n y\/ o seguimiento de sistemas de informaci\u00f3n. <\/li>\n\n\n\n<li><strong>Habilitaciones profesionales<\/strong> Se establece que los Analistas de Sistemas se encuentran habilitados para analizar, dise\u00f1ar, diagnosticar, implementar y verificar sistemas de informaci\u00f3n. Quedando excluido de esta habilitaci\u00f3n el software correspondiente a sistemas cr\u00edticos para la seguridad, como es el caso de los que involucren el procesamiento de informaci\u00f3n que conlleve riesgos efectivos para terceros.<\/li>\n\n\n\n<li><strong>Organizaci\u00f3n curricular: <\/strong>la carrera se estructura en 4 <em>campos de formaci\u00f3n<\/em> que aportan distintos tipos de saberes. Por eso, hay materias que corresponden al campo de la formaci\u00f3n general, al campo de la formaci\u00f3n del fundamento, al campo de la formaci\u00f3n t\u00e9cnica espec\u00edfica y al campo de las Pr\u00e1cticas Profesionalizantes. <\/li>\n\n\n\n<li><strong>Plan de estudios:<\/strong> Descarga <a rel=\"noreferrer noopener\" href=\"https:\/\/drive.google.com\/file\/d\/1jePgu_a1mLChzBAA8Ds9W0WyoCePUiuF\/view?usp=sharing\" data-type=\"URL\" data-id=\"https:\/\/drive.google.com\/file\/d\/1jePgu_a1mLChzBAA8Ds9W0WyoCePUiuF\/view?usp=sharing\" target=\"_blank\">aqu\u00ed <\/a><\/li>\n\n\n\n<li><strong>R\u00e9gimen de correlatividades<\/strong>: Descarga <a rel=\"noreferrer noopener\" href=\"https:\/\/drive.google.com\/file\/d\/17Gk_8x0ydKhJvgyr-9gRAqNQ1-VdHmhA\/view?usp=sharing\" data-type=\"URL\" data-id=\"https:\/\/drive.google.com\/file\/d\/17Gk_8x0ydKhJvgyr-9gRAqNQ1-VdHmhA\/view?usp=sharing\" target=\"_blank\">aqu\u00ed<\/a><\/li>\n<\/ul>\n\n\n\n<p><\/p>\n","protected":false},"excerpt":{"rendered":"<p>PREINSCRIPCI\u00d3N 2026<\/p>\n","protected":false},"author":122,"featured_media":0,"parent":0,"menu_order":0,"comment_status":"closed","ping_status":"closed","template":"","meta":[],"acf":[],"_links":{"self":[{"href":"https:\/\/isfd80-bue.infd.edu.ar\/sitio\/wp-json\/wp\/v2\/pages\/1166"}],"collection":[{"href":"https:\/\/isfd80-bue.infd.edu.ar\/sitio\/wp-json\/wp\/v2\/pages"}],"about":[{"href":"https:\/\/isfd80-bue.infd.edu.ar\/sitio\/wp-json\/wp\/v2\/types\/page"}],"author":[{"embeddable":true,"href":"https:\/\/isfd80-bue.infd.edu.ar\/sitio\/wp-json\/wp\/v2\/users\/122"}],"replies":[{"embeddable":true,"href":"https:\/\/isfd80-bue.infd.edu.ar\/sitio\/wp-json\/wp\/v2\/comments?post=1166"}],"version-history":[{"count":8,"href":"https:\/\/isfd80-bue.infd.edu.ar\/sitio\/wp-json\/wp\/v2\/pages\/1166\/revisions"}],"predecessor-version":[{"id":1769,"href":"https:\/\/isfd80-bue.infd.edu.ar\/sitio\/wp-json\/wp\/v2\/pages\/1166\/revisions\/1769"}],"wp:attachment":[{"href":"https:\/\/isfd80-bue.infd.edu.ar\/sitio\/wp-json\/wp\/v2\/media?parent=1166"}],"curies":[{"name":"wp","href":"https:\/\/api.w.org\/{rel}","templated":true}]}}