{"id":1530,"date":"2022-12-26T19:40:04","date_gmt":"2022-12-26T22:40:04","guid":{"rendered":"https:\/\/isfd80-bue.infd.edu.ar\/sitio\/?page_id=1530"},"modified":"2026-03-09T01:46:12","modified_gmt":"2026-03-09T04:46:12","slug":"inscripcion-a-anos-superiores","status":"publish","type":"page","link":"https:\/\/isfd80-bue.infd.edu.ar\/sitio\/inscripcion-a-anos-superiores\/","title":{"rendered":"Inscripci\u00f3n a a\u00f1os superiores"},"content":{"rendered":"\n<p>La inscripci\u00f3n a a\u00f1os superiores o<strong> inscripci\u00f3n a <\/strong><em><strong>materias<\/strong> <\/em>es un tr\u00e1mite administrativo que consiste en completar un formulario (en soporte papel o digital) para matricularse en las materias o espacios curriculares que elige cursar en cada ciclo lectivo. <\/p>\n\n\n\n<ul>\n<li>Per\u00edodo de inscripci\u00f3n: Marzo de cada a\u00f1o. <\/li>\n\n\n\n<li>Lo realizan s\u00f3lo estudiantes de 2\u00b0, 3\u00b0 y 4\u00b0 a\u00f1o. <\/li>\n\n\n\n<li>Es importante tener en cuenta el r\u00e9gimen de correlatividades de cada carrera y verificar que est\u00e1 en condiciones de cursar la\/s materia\/s elegidas. <\/li>\n<\/ul>\n\n\n\n<p><mark style=\"background-color:rgba(0, 0, 0, 0)\" class=\"has-inline-color has-vivid-red-color\">No debe confundirse con la<strong> inscripci\u00f3n a <em>carreras<\/em><\/strong><\/mark>, que se realiza en el mes de diciembre,  febrero y marzo.  Los estudiantes ingresantes quedan autom\u00e1ticamente inscriptos en todas las materias de primer a\u00f1o, por lo tanto el 1\u00b0 a\u00f1o no deben realizar la inscripci\u00f3n a materias.<\/p>\n\n\n\n<p><\/p>\n\n\n\n<p>Descargar formulario <a href=\"https:\/\/isfd80-bue.infd.edu.ar\/sitio\/wp-content\/uploads\/2023\/03\/Planilla-Inscripcion-anos-superiores-modelo.docx\" data-type=\"attachment\" data-id=\"1599\">aqu\u00ed<\/a><img decoding=\"async\" class=\"wp-image-1599\" style=\"width: NaNpx;\" src=\"https:\/\/isfd80-bue.infd.edu.ar\/sitio\/wp-content\/uploads\/2023\/03\/Planilla-Inscripcion-anos-superiores-modelo.docx\" alt=\"\"><\/p>\n\n\n\n<p><\/p>\n","protected":false},"excerpt":{"rendered":"<p>La inscripci\u00f3n a a\u00f1os superiores o inscripci\u00f3n a materias es un tr\u00e1mite administrativo que consiste en completar un formulario (en soporte papel o digital) para matricularse en las materias o espacios curriculares que elige cursar en cada ciclo lectivo. No debe confundirse con la inscripci\u00f3n a carreras, que se realiza en el mes de diciembre, &#8230; <a title=\"Inscripci\u00f3n a a\u00f1os superiores\" class=\"read-more\" href=\"https:\/\/isfd80-bue.infd.edu.ar\/sitio\/inscripcion-a-anos-superiores\/\" aria-label=\"More on Inscripci\u00f3n a a\u00f1os superiores\">[+]<\/a><\/p>\n","protected":false},"author":122,"featured_media":0,"parent":0,"menu_order":0,"comment_status":"closed","ping_status":"closed","template":"","meta":[],"acf":[],"_links":{"self":[{"href":"https:\/\/isfd80-bue.infd.edu.ar\/sitio\/wp-json\/wp\/v2\/pages\/1530"}],"collection":[{"href":"https:\/\/isfd80-bue.infd.edu.ar\/sitio\/wp-json\/wp\/v2\/pages"}],"about":[{"href":"https:\/\/isfd80-bue.infd.edu.ar\/sitio\/wp-json\/wp\/v2\/types\/page"}],"author":[{"embeddable":true,"href":"https:\/\/isfd80-bue.infd.edu.ar\/sitio\/wp-json\/wp\/v2\/users\/122"}],"replies":[{"embeddable":true,"href":"https:\/\/isfd80-bue.infd.edu.ar\/sitio\/wp-json\/wp\/v2\/comments?post=1530"}],"version-history":[{"count":7,"href":"https:\/\/isfd80-bue.infd.edu.ar\/sitio\/wp-json\/wp\/v2\/pages\/1530\/revisions"}],"predecessor-version":[{"id":1739,"href":"https:\/\/isfd80-bue.infd.edu.ar\/sitio\/wp-json\/wp\/v2\/pages\/1530\/revisions\/1739"}],"wp:attachment":[{"href":"https:\/\/isfd80-bue.infd.edu.ar\/sitio\/wp-json\/wp\/v2\/media?parent=1530"}],"curies":[{"name":"wp","href":"https:\/\/api.w.org\/{rel}","templated":true}]}}