{"id":1554,"date":"2023-02-13T20:50:17","date_gmt":"2023-02-13T23:50:17","guid":{"rendered":"https:\/\/isfd80-bue.infd.edu.ar\/sitio\/?page_id=1554"},"modified":"2023-02-14T09:32:55","modified_gmt":"2023-02-14T12:32:55","slug":"mesas-de-examen-final","status":"publish","type":"page","link":"https:\/\/isfd80-bue.infd.edu.ar\/sitio\/mesas-de-examen-final\/","title":{"rendered":"Mesas de Examen Final"},"content":{"rendered":"\n<p>Preguntas frecuentes <\/p>\n\n\n\n<pre class=\"wp-block-code\"><code><strong>Modalidades del Examen Final<\/strong><\/code><\/pre>\n\n\n\n<p><strong>EXAMEN FINAL REGULAR<\/strong>: es la instancia que tiene como condici\u00f3n haber aprobado la cursada.<\/p>\n\n\n\n<p><strong>EXAMEN FINAL LIBRE<\/strong>: es la instancia en que se presentan a rendir el examen final sin haber <em>cursado<\/em> la materia. <\/p>\n\n\n\n<ul>\n<li>Tiene una instancia escrita, eliminatoria y una instancia oral. Es decir, se deber\u00e1 aprobar el escrito para pasar al oral. <\/li>\n\n\n\n<li>La calificaci\u00f3n final resultar\u00e1 del promedio de ambas.&nbsp; Para aprobar se debe obtener 4 o m\u00e1s puntos.&nbsp;<\/li>\n\n\n\n<li>Los estudiantes podr\u00e1n inscribirse como libre hasta en un 30% de las unidades curriculares con formato materia establecidas por a\u00f1o en el dise\u00f1o curricular<\/li>\n\n\n\n<li>Quedan exceptuados de este r\u00e9gimen los talleres, seminarios, ateneos y los Campo de la Pr\u00e1ctica Docente y de la Pr\u00e1ctica Profesional.<\/li>\n\n\n\n<li>Los espacios curriculares con formato materia establecidas para cada a\u00f1o, ser\u00e1n publicados durante la primera semana de clase.<\/li>\n\n\n\n<li>El estudiante deber\u00e1 solicitar en Biblioteca el Proyecto de C\u00e1tedra vigente.<\/li>\n\n\n\n<li>El examen final libre evaluar\u00e1 la totalidad de los contenidos y bibliograf\u00eda del Programa.<\/li>\n\n\n\n<li>Los turnos para rendir ex\u00e1menes libres son: Diciembre y febrero-marzo<\/li>\n<\/ul>\n\n\n\n<pre class=\"wp-block-code\"><code><strong>\u00bfCu\u00e1les son los turnos y fechas para rendir un examen final?<\/strong><\/code><\/pre>\n\n\n\n<p>Hay 3 turnos<\/p>\n\n\n\n<ul>\n<li>Febrero &#8211; Marzo (Tiene 2 llamados)<\/li>\n\n\n\n<li>Julio Agosto<\/li>\n\n\n\n<li>Diciembre (2 llamados)<\/li>\n<\/ul>\n\n\n\n<pre class=\"wp-block-code\"><code><strong>\u00bfQu\u00e9 requisitos debo cumplir para rendir un examen final en condici\u00f3n \"regular\"?<\/strong><\/code><\/pre>\n\n\n\n<ul>\n<li>Tener la cursada aprobada<em>. Por lo tanto, quienes ingresan a 1\u00b0 a\u00f1o, no pueden rendir finales en Julio porque aun no tienen ninguna cursada aprobada<\/em>, <em>dado que las materias son anuales.<\/em><\/li>\n\n\n\n<li>Tener el final aprobado de las materias correlativas anteriores<\/li>\n\n\n\n<li>Inscribirse correctamente seg\u00fan los pasos difundidos oportunamente por preceptoria.<\/li>\n<\/ul>\n\n\n\n<pre class=\"wp-block-code\"><code><strong>\u00bfQu\u00e9 pasa si rindo y apruebo un examen final sin haber aprobado el final de la materia correlativa anterior?<\/strong><\/code><\/pre>\n\n\n\n<p>Si por alguna raz\u00f3n, un estudiante rinde una materia aun adeudando el examen final de su correlativa anterior, dicho examen ser\u00e1 desestimado y no se guardar\u00e1 la calificaci\u00f3n debiendo rendir nuevamente en el pr\u00f3ximo turno.<\/p>\n\n\n\n<pre class=\"wp-block-code\"><code><strong>\u00bfC\u00f3mo me inscribo?<\/strong><\/code><\/pre>\n\n\n\n<p>La inscripci\u00f3n es online y consiste en completar un formulario digital consignando datos personales, las materias elegidas para rendir y    el llamado (primero o segundo). Cada turno tiene su inscripci\u00f3n. <\/p>\n\n\n\n<p>El link al formulario digital est\u00e1 a disposici\u00f3n en el campus virtual del instituto, as\u00ed como el cronograma de fechas para inscribirse.<\/p>\n\n\n\n<pre class=\"wp-block-code\"><code><strong>\u00bfQu\u00e9 pasa si estoy inscripto y no me presento a rendir?<\/strong><\/code><\/pre>\n\n\n\n<p>Se consigna el \u00abausente\u00bb en el acta de examen y podes presentarte a rendir en el pr\u00f3ximo turno.<\/p>\n\n\n\n<pre class=\"wp-block-code\"><code><strong>\u00bfSi desapruebo un final debo recursar la materia?<\/strong><\/code><\/pre>\n\n\n\n<p>No. Si se desaprueba el examen final se debe preparar y rendir nuevamente. No se recursa la materia<\/p>\n\n\n\n<pre class=\"wp-block-code\"><code><strong>\u00bfSi me va mal en el primer llamado puedo rendir en el segundo?<\/strong><\/code><\/pre>\n\n\n\n<p>No. No se puede rendir dos veces la misma materia, en el mismo turno. Por ejemplo, si se desaprueba el examen en el primer llamado del turno Diciembre, puede intentarlo nuevamente en el turno de Febrero\/Marzo o en Julio.<\/p>\n\n\n\n<pre class=\"wp-block-code\"><code><strong>\u00bfCu\u00e1ntas veces puedo dar un examen final?<\/strong><\/code><\/pre>\n\n\n\n<p>Se puede rendir muchas veces. S\u00f3lo se debe considerar que las cursadas tienen una validez de 5 a\u00f1os. Si pasa ese tiempo y no se logra aprobar el final,  \u00abvencen\u00bb y ah\u00ed s\u00ed es necesario recursar la materia.<\/p>\n\n\n\n<p>Pasados los 2 a\u00f1os de aprobaci\u00f3n de la cursada, la evaluaci\u00f3n final se ajustar\u00e1 a la propuesta de c\u00e1tedra vigente al momento de la presentaci\u00f3n del estudiante a la instancia de acreditaci\u00f3n. Es decir, que si un estudiante se presenta m\u00e1s de 2 a\u00f1os despu\u00e9s de haber aprobado la cursada debe rendir con el programa nuevo. <\/p>\n\n\n\n<pre class=\"wp-block-code\"><code><strong>\u00bfQu\u00e9 debo llevar el d\u00eda del examen?<\/strong><\/code><\/pre>\n\n\n\n<p>Los estudiantes deben presentarse ante la comisi\u00f3n evaluadora con el programa de la materia, los trabajos pr\u00e1cticos, la totalidad de las evaluaciones parciales y fundamentalmente con la Libreta de Estudiante.<\/p>\n","protected":false},"excerpt":{"rendered":"<p>Preguntas frecuentes EXAMEN FINAL REGULAR: es la instancia que tiene como condici\u00f3n haber aprobado la cursada. EXAMEN FINAL LIBRE: es la instancia en que se presentan a rendir el examen final sin haber cursado la materia. Hay 3 turnos Si por alguna raz\u00f3n, un estudiante rinde una materia aun adeudando el examen final de su &#8230; <a title=\"Mesas de Examen Final\" class=\"read-more\" href=\"https:\/\/isfd80-bue.infd.edu.ar\/sitio\/mesas-de-examen-final\/\" aria-label=\"More on Mesas de Examen Final\">[+]<\/a><\/p>\n","protected":false},"author":122,"featured_media":0,"parent":0,"menu_order":0,"comment_status":"closed","ping_status":"closed","template":"","meta":[],"acf":[],"_links":{"self":[{"href":"https:\/\/isfd80-bue.infd.edu.ar\/sitio\/wp-json\/wp\/v2\/pages\/1554"}],"collection":[{"href":"https:\/\/isfd80-bue.infd.edu.ar\/sitio\/wp-json\/wp\/v2\/pages"}],"about":[{"href":"https:\/\/isfd80-bue.infd.edu.ar\/sitio\/wp-json\/wp\/v2\/types\/page"}],"author":[{"embeddable":true,"href":"https:\/\/isfd80-bue.infd.edu.ar\/sitio\/wp-json\/wp\/v2\/users\/122"}],"replies":[{"embeddable":true,"href":"https:\/\/isfd80-bue.infd.edu.ar\/sitio\/wp-json\/wp\/v2\/comments?post=1554"}],"version-history":[{"count":9,"href":"https:\/\/isfd80-bue.infd.edu.ar\/sitio\/wp-json\/wp\/v2\/pages\/1554\/revisions"}],"predecessor-version":[{"id":1570,"href":"https:\/\/isfd80-bue.infd.edu.ar\/sitio\/wp-json\/wp\/v2\/pages\/1554\/revisions\/1570"}],"wp:attachment":[{"href":"https:\/\/isfd80-bue.infd.edu.ar\/sitio\/wp-json\/wp\/v2\/media?parent=1554"}],"curies":[{"name":"wp","href":"https:\/\/api.w.org\/{rel}","templated":true}]}}