{"id":318,"date":"2016-10-31T14:20:44","date_gmt":"2016-10-31T17:20:44","guid":{"rendered":"https:\/\/isfd80-bue.infd.edu.ar\/sitio\/?page_id=318"},"modified":"2023-06-28T15:24:54","modified_gmt":"2023-06-28T18:24:54","slug":"contacto","status":"publish","type":"page","link":"https:\/\/isfd80-bue.infd.edu.ar\/sitio\/contacto\/","title":{"rendered":"CONTACTO"},"content":{"rendered":"<p><strong>Tel\u00e9fono:<\/strong> 02395 &#8211; 45 1697<\/p>\n<p><strong>Direcci\u00f3n:<\/strong> Av. Presidente Per\u00f3n 28<\/p>\n<p><strong>Correos electr\u00f3nicos<\/strong><\/p>\n<ul>\n<li>Equipo directivo: isfdyt80carloscasares@abc.gob.ar<\/li>\n<li>Consejo Acad\u00e9mico Institucional: consejoacademico80@gmail.com<\/li>\n<li>Preceptor\u00eda: preceptoriainst80@gmail.com<\/li>\n<li>Bibliotecaria Jimena Alonso: jialonso@abc.gob.ar<\/li>\n<li>CIPE Valentina Ferrero: cipeinst80@gmail.com<\/li>\n<\/ul>\n\n\n\n\n\n\n\n\n<iframe src=\"https:\/\/www.google.com\/maps\/embed?pb=!1m14!1m8!1m3!1d12971.640012038515!2d-61.3618087!3d-35.6299451!3m2!1i1024!2i768!4f13.1!3m3!1m2!1s0x0%3A0x443e524b3fc08f17!2sISFDyT%20N%C2%BA%2080%20Paulo%20Freire!5e0!3m2!1ses-419!2sar!4v1634939928561!5m2!1ses-419!2sar\" width=\"1000\" height=\"500\" style=\"border:0;\" allowfullscreen=\"\" loading=\"lazy\"><\/iframe>\n\n\n\n<p><\/p>\n\n\n\n<p><\/p>\n","protected":false},"excerpt":{"rendered":"<p>Tel\u00e9fono: 02395 &#8211; 45 1697 Direcci\u00f3n: Av. Presidente Per\u00f3n 28 Correos electr\u00f3nicos Equipo directivo: isfdyt80carloscasares@abc.gob.ar Consejo Acad\u00e9mico Institucional: consejoacademico80@gmail.com Preceptor\u00eda: preceptoriainst80@gmail.com Bibliotecaria Jimena Alonso: jialonso@abc.gob.ar CIPE Valentina Ferrero: cipeinst80@gmail.com<\/p>\n","protected":false},"author":1,"featured_media":0,"parent":0,"menu_order":0,"comment_status":"closed","ping_status":"closed","template":"","meta":[],"acf":[],"_links":{"self":[{"href":"https:\/\/isfd80-bue.infd.edu.ar\/sitio\/wp-json\/wp\/v2\/pages\/318"}],"collection":[{"href":"https:\/\/isfd80-bue.infd.edu.ar\/sitio\/wp-json\/wp\/v2\/pages"}],"about":[{"href":"https:\/\/isfd80-bue.infd.edu.ar\/sitio\/wp-json\/wp\/v2\/types\/page"}],"author":[{"embeddable":true,"href":"https:\/\/isfd80-bue.infd.edu.ar\/sitio\/wp-json\/wp\/v2\/users\/1"}],"replies":[{"embeddable":true,"href":"https:\/\/isfd80-bue.infd.edu.ar\/sitio\/wp-json\/wp\/v2\/comments?post=318"}],"version-history":[{"count":17,"href":"https:\/\/isfd80-bue.infd.edu.ar\/sitio\/wp-json\/wp\/v2\/pages\/318\/revisions"}],"predecessor-version":[{"id":1612,"href":"https:\/\/isfd80-bue.infd.edu.ar\/sitio\/wp-json\/wp\/v2\/pages\/318\/revisions\/1612"}],"wp:attachment":[{"href":"https:\/\/isfd80-bue.infd.edu.ar\/sitio\/wp-json\/wp\/v2\/media?parent=318"}],"curies":[{"name":"wp","href":"https:\/\/api.w.org\/{rel}","templated":true}]}}