{"id":738,"date":"2021-10-19T14:13:49","date_gmt":"2021-10-19T17:13:49","guid":{"rendered":"https:\/\/isfd80-bue.infd.edu.ar\/sitio\/?page_id=738"},"modified":"2026-02-19T16:58:51","modified_gmt":"2026-02-19T19:58:51","slug":"tecnico-superior-en-administracion-general","status":"publish","type":"page","link":"https:\/\/isfd80-bue.infd.edu.ar\/sitio\/tecnico-superior-en-administracion-general\/","title":{"rendered":"Tecnicatura Superior en Administraci\u00f3n de PYMES"},"content":{"rendered":"\n<p><a href=\"https:\/\/isfd80-bue.infd.edu.ar\/sitio\/inscripciones\/\" data-type=\"URL\" data-id=\"https:\/\/isfd80-bue.infd.edu.ar\/sitio\/inscripciones\/\">PREINSCRIPCI\u00d3N 2026<\/a><\/p>\n\n\n\n<ul>\n<li><strong>T\u00edtulo a otorgar:&nbsp;<\/strong>T\u00e9cnico\/a Superior en Administraci\u00f3n de Pymes<\/li>\n\n\n\n<li><strong>Resoluci\u00f3n N\u00b0<\/strong> 458\/23<\/li>\n\n\n\n<li><strong>Duraci\u00f3n de la carrera en a\u00f1os acad\u00e9micos:&nbsp;<\/strong>Tres a\u00f1os<\/li>\n\n\n\n<li><strong>Carga horaria total:&nbsp;<\/strong>1824 horas<\/li>\n\n\n\n<li><strong>Turno de cursada<\/strong>: 18 a 23 horas.<\/li>\n<\/ul>\n\n\n\n<p>Plan de estudios nuevo y correlatividades: descarga <a rel=\"noreferrer noopener\" href=\"https:\/\/drive.google.com\/file\/d\/1zrkHM1SrvtlgjUK2Ei8v_1qmlEKOo_3U\/view?usp=drive_link\" data-type=\"URL\" data-id=\"https:\/\/drive.google.com\/file\/d\/1zrkHM1SrvtlgjUK2Ei8v_1qmlEKOo_3U\/view?usp=drive_link\" target=\"_blank\">aqu\u00ed<\/a><\/p>\n","protected":false},"excerpt":{"rendered":"<p>PREINSCRIPCI\u00d3N 2026 Plan de estudios nuevo y correlatividades: descarga aqu\u00ed<\/p>\n","protected":false},"author":876,"featured_media":0,"parent":0,"menu_order":0,"comment_status":"closed","ping_status":"closed","template":"","meta":[],"acf":[],"_links":{"self":[{"href":"https:\/\/isfd80-bue.infd.edu.ar\/sitio\/wp-json\/wp\/v2\/pages\/738"}],"collection":[{"href":"https:\/\/isfd80-bue.infd.edu.ar\/sitio\/wp-json\/wp\/v2\/pages"}],"about":[{"href":"https:\/\/isfd80-bue.infd.edu.ar\/sitio\/wp-json\/wp\/v2\/types\/page"}],"author":[{"embeddable":true,"href":"https:\/\/isfd80-bue.infd.edu.ar\/sitio\/wp-json\/wp\/v2\/users\/876"}],"replies":[{"embeddable":true,"href":"https:\/\/isfd80-bue.infd.edu.ar\/sitio\/wp-json\/wp\/v2\/comments?post=738"}],"version-history":[{"count":16,"href":"https:\/\/isfd80-bue.infd.edu.ar\/sitio\/wp-json\/wp\/v2\/pages\/738\/revisions"}],"predecessor-version":[{"id":1775,"href":"https:\/\/isfd80-bue.infd.edu.ar\/sitio\/wp-json\/wp\/v2\/pages\/738\/revisions\/1775"}],"wp:attachment":[{"href":"https:\/\/isfd80-bue.infd.edu.ar\/sitio\/wp-json\/wp\/v2\/media?parent=738"}],"curies":[{"name":"wp","href":"https:\/\/api.w.org\/{rel}","templated":true}]}}