{"id":774,"date":"2021-10-21T14:40:23","date_gmt":"2021-10-21T17:40:23","guid":{"rendered":"https:\/\/isfd80-bue.infd.edu.ar\/sitio\/?page_id=774"},"modified":"2023-03-03T10:47:13","modified_gmt":"2023-03-03T13:47:13","slug":"becas","status":"publish","type":"page","link":"https:\/\/isfd80-bue.infd.edu.ar\/sitio\/becas\/","title":{"rendered":"Becas"},"content":{"rendered":"\n<div class=\"wp-block-media-text alignwide is-stacked-on-mobile\" style=\"grid-template-columns:46% auto\"><figure class=\"wp-block-media-text__media\"><img decoding=\"async\" loading=\"lazy\" width=\"1600\" height=\"1600\" src=\"https:\/\/isfd80-bue.infd.edu.ar\/sitio\/wp-content\/uploads\/2023\/03\/PROGRESAR-2023.jpeg\" alt=\"\" class=\"wp-image-1574 size-full\" srcset=\"https:\/\/isfd80-bue.infd.edu.ar\/sitio\/wp-content\/uploads\/2023\/03\/PROGRESAR-2023.jpeg 1600w, https:\/\/isfd80-bue.infd.edu.ar\/sitio\/wp-content\/uploads\/2023\/03\/PROGRESAR-2023-1000x1000.jpeg 1000w, https:\/\/isfd80-bue.infd.edu.ar\/sitio\/wp-content\/uploads\/2023\/03\/PROGRESAR-2023-500x500.jpeg 500w, https:\/\/isfd80-bue.infd.edu.ar\/sitio\/wp-content\/uploads\/2023\/03\/PROGRESAR-2023-768x768.jpeg 768w, https:\/\/isfd80-bue.infd.edu.ar\/sitio\/wp-content\/uploads\/2023\/03\/PROGRESAR-2023-1536x1536.jpeg 1536w\" sizes=\"(max-width: 1600px) 100vw, 1600px\" \/><\/figure><div class=\"wp-block-media-text__content\">\n<p>A partir del 1\u00b0 al 31 de Marzo de 2023 est\u00e1n abiertas  las inscripciones de todas las l\u00edneas de Becas Progresar.<\/p>\n\n\n\n<p>Las inscripciones se realizan de manera online a trav\u00e9s de la Plataforma Becas Progresar: <a rel=\"noreferrer noopener\" href=\"https:\/\/www.argentina.gob.ar\/progresar\" target=\"_blank\">https:\/\/www.argentina.gob.ar\/progresar<\/a>  <\/p>\n\n\n\n<p><strong>\u00bfC\u00f3mo inscribirte en Progresar Nivel Superior?<\/strong>  <a href=\"https:\/\/www.youtube.com\/watch?v=_8bDWQdMa0Q\" data-type=\"URL\" data-id=\"https:\/\/www.youtube.com\/watch?v=_8bDWQdMa0Q\" target=\"_blank\" rel=\"noreferrer noopener\">Instructivo aqu\u00ed<\/a><\/p>\n\n\n\n<p>La plataforma cuenta con una secci\u00f3n de <a href=\"https:\/\/www.argentina.gob.ar\/educacion\/progresar\/preguntas-frecuentes-progresar\/educacion-superior-faq\" data-type=\"URL\" data-id=\"https:\/\/www.argentina.gob.ar\/educacion\/progresar\/preguntas-frecuentes-progresar\/educacion-superior-faq\" target=\"_blank\" rel=\"noreferrer noopener\"><strong>\u201cpreguntas frecuentes\u201d<\/strong> <\/a>que sirve para resolver dudas o consultas sobre el programa y el proceso de adjudicaci\u00f3n<\/p>\n\n\n\n<p><\/p>\n<\/div><\/div>\n\n\n\n<p><\/p>\n\n\n\n<h2 class=\"wp-block-heading\"><strong>L\u00edneas de Progresar 2023<\/strong><\/h2>\n\n\n\n<figure class=\"wp-block-image size-full is-resized\"><img decoding=\"async\" loading=\"lazy\" src=\"https:\/\/isfd80-bue.infd.edu.ar\/sitio\/wp-content\/uploads\/2023\/03\/Lineas-de-Progresar-2023.jpeg\" alt=\"\" class=\"wp-image-1575\" width=\"471\" height=\"471\" srcset=\"https:\/\/isfd80-bue.infd.edu.ar\/sitio\/wp-content\/uploads\/2023\/03\/Lineas-de-Progresar-2023.jpeg 1600w, https:\/\/isfd80-bue.infd.edu.ar\/sitio\/wp-content\/uploads\/2023\/03\/Lineas-de-Progresar-2023-1000x1000.jpeg 1000w, https:\/\/isfd80-bue.infd.edu.ar\/sitio\/wp-content\/uploads\/2023\/03\/Lineas-de-Progresar-2023-500x500.jpeg 500w, https:\/\/isfd80-bue.infd.edu.ar\/sitio\/wp-content\/uploads\/2023\/03\/Lineas-de-Progresar-2023-768x768.jpeg 768w, https:\/\/isfd80-bue.infd.edu.ar\/sitio\/wp-content\/uploads\/2023\/03\/Lineas-de-Progresar-2023-1536x1536.jpeg 1536w\" sizes=\"(max-width: 471px) 100vw, 471px\" \/><\/figure>\n","protected":false},"excerpt":{"rendered":"<p>A partir del 1\u00b0 al 31 de Marzo de 2023 est\u00e1n abiertas las inscripciones de todas las l\u00edneas de Becas Progresar. Las inscripciones se realizan de manera online a trav\u00e9s de la Plataforma Becas Progresar: https:\/\/www.argentina.gob.ar\/progresar \u00bfC\u00f3mo inscribirte en Progresar Nivel Superior? Instructivo aqu\u00ed La plataforma cuenta con una secci\u00f3n de \u201cpreguntas frecuentes\u201d que sirve &#8230; <a title=\"Becas\" class=\"read-more\" href=\"https:\/\/isfd80-bue.infd.edu.ar\/sitio\/becas\/\" aria-label=\"More on Becas\">[+]<\/a><\/p>\n","protected":false},"author":876,"featured_media":0,"parent":0,"menu_order":0,"comment_status":"closed","ping_status":"closed","template":"","meta":[],"acf":[],"_links":{"self":[{"href":"https:\/\/isfd80-bue.infd.edu.ar\/sitio\/wp-json\/wp\/v2\/pages\/774"}],"collection":[{"href":"https:\/\/isfd80-bue.infd.edu.ar\/sitio\/wp-json\/wp\/v2\/pages"}],"about":[{"href":"https:\/\/isfd80-bue.infd.edu.ar\/sitio\/wp-json\/wp\/v2\/types\/page"}],"author":[{"embeddable":true,"href":"https:\/\/isfd80-bue.infd.edu.ar\/sitio\/wp-json\/wp\/v2\/users\/876"}],"replies":[{"embeddable":true,"href":"https:\/\/isfd80-bue.infd.edu.ar\/sitio\/wp-json\/wp\/v2\/comments?post=774"}],"version-history":[{"count":13,"href":"https:\/\/isfd80-bue.infd.edu.ar\/sitio\/wp-json\/wp\/v2\/pages\/774\/revisions"}],"predecessor-version":[{"id":1594,"href":"https:\/\/isfd80-bue.infd.edu.ar\/sitio\/wp-json\/wp\/v2\/pages\/774\/revisions\/1594"}],"wp:attachment":[{"href":"https:\/\/isfd80-bue.infd.edu.ar\/sitio\/wp-json\/wp\/v2\/media?parent=774"}],"curies":[{"name":"wp","href":"https:\/\/api.w.org\/{rel}","templated":true}]}}