{"id":780,"date":"2021-10-21T14:46:48","date_gmt":"2021-10-21T17:46:48","guid":{"rendered":"https:\/\/isfd80-bue.infd.edu.ar\/sitio\/?page_id=780"},"modified":"2026-03-17T14:33:37","modified_gmt":"2026-03-17T17:33:37","slug":"solicitud-de-pases","status":"publish","type":"page","link":"https:\/\/isfd80-bue.infd.edu.ar\/sitio\/solicitud-de-pases\/","title":{"rendered":"Pases"},"content":{"rendered":"\n<p>Ingresar\u00e1n por pase las y los estudiantes que se encuentren cursando una carrera con plan de estudios vigente en la Provincia de Buenos Aires y con el mismo n\u00famero de resoluci\u00f3n que se dicta en el Instituto receptor.<\/p>\n\n\n\n<p>En caso de adeudar la acreditaci\u00f3n final de una o m\u00e1s unidades curriculares, mantendr\u00e1n la validez de la cursada en las mismas condiciones que prescribe el presente Anexo pero deber\u00e1n adecuarse a las condiciones fijadas en el Plan Institucional de Evaluaci\u00f3n de la instituci\u00f3n receptora.<\/p>\n\n\n\n<p>Para estudiantes que provienen de carreras con la misma denominaci\u00f3n pero de otra jurisdicci\u00f3n nacional, el equipo directivo y docente realizar\u00e1, a partir de la documentaci\u00f3n respaldatoria, un plan de equivalencias que ponga en valor la<br>trayectoria realizada por la o el estudiante. <\/p>\n\n\n\n<p>El pase puede ser solicitado por la o el estudiante en cualquier momento del ciclo lectivo. Las dos instituciones que intervienen en el proceso deber\u00e1n dar curso al pedido dentro de los 10 (diez) d\u00edas h\u00e1biles posteriores al ingreso del tr\u00e1mite.<\/p>\n\n\n\n<p> <\/p>\n\n\n\n<p><strong>SOLICITUD DE PASES<\/strong><\/p>\n\n\n\n<p>La solicitud de pase a otra Instituci\u00f3n de la jurisdicci\u00f3n debe tramitarse por nota a la Direcci\u00f3n del instituto al que se desea ingresar. <\/p>\n\n\n\n<p><strong>El o la estudiante deber\u00e1 presentar<\/strong>:<\/p>\n\n\n\n<p>&#8211; Constancia que acredite su condici\u00f3n de estudiante de la carrera e instituto del que proviene.<\/p>\n\n\n\n<p>&#8211; Constancia de la acreditaci\u00f3n total de las unidades curriculares con detalle de fecha de acreditaci\u00f3n, libro y folio de registro, Carrera y Resoluci\u00f3n de la Provincia de Buenos Aires.<\/p>\n\n\n\n<p>&#8211; Fecha de aprobaci\u00f3n de unidades curriculares cursadas de las cuales adeuda acreditaci\u00f3n.<\/p>\n\n\n\n<p>&#8211; Situaci\u00f3n acad\u00e9mica de las unidades curriculares en curso con asistencia e informe acad\u00e9mico al momento del pedido de Pase.<\/p>\n\n\n\n<p>&#8211; Original del legajo (queda copia en el instituto de origen)<\/p>\n","protected":false},"excerpt":{"rendered":"<p>Ingresar\u00e1n por pase las y los estudiantes que se encuentren cursando una carrera con plan de estudios vigente en la Provincia de Buenos Aires y con el mismo n\u00famero de resoluci\u00f3n que se dicta en el Instituto receptor. En caso de adeudar la acreditaci\u00f3n final de una o m\u00e1s unidades curriculares, mantendr\u00e1n la validez de &#8230; <a title=\"Pases\" class=\"read-more\" href=\"https:\/\/isfd80-bue.infd.edu.ar\/sitio\/solicitud-de-pases\/\" aria-label=\"More on Pases\">[+]<\/a><\/p>\n","protected":false},"author":876,"featured_media":0,"parent":0,"menu_order":0,"comment_status":"closed","ping_status":"closed","template":"","meta":[],"acf":[],"_links":{"self":[{"href":"https:\/\/isfd80-bue.infd.edu.ar\/sitio\/wp-json\/wp\/v2\/pages\/780"}],"collection":[{"href":"https:\/\/isfd80-bue.infd.edu.ar\/sitio\/wp-json\/wp\/v2\/pages"}],"about":[{"href":"https:\/\/isfd80-bue.infd.edu.ar\/sitio\/wp-json\/wp\/v2\/types\/page"}],"author":[{"embeddable":true,"href":"https:\/\/isfd80-bue.infd.edu.ar\/sitio\/wp-json\/wp\/v2\/users\/876"}],"replies":[{"embeddable":true,"href":"https:\/\/isfd80-bue.infd.edu.ar\/sitio\/wp-json\/wp\/v2\/comments?post=780"}],"version-history":[{"count":7,"href":"https:\/\/isfd80-bue.infd.edu.ar\/sitio\/wp-json\/wp\/v2\/pages\/780\/revisions"}],"predecessor-version":[{"id":1788,"href":"https:\/\/isfd80-bue.infd.edu.ar\/sitio\/wp-json\/wp\/v2\/pages\/780\/revisions\/1788"}],"wp:attachment":[{"href":"https:\/\/isfd80-bue.infd.edu.ar\/sitio\/wp-json\/wp\/v2\/media?parent=780"}],"curies":[{"name":"wp","href":"https:\/\/api.w.org\/{rel}","templated":true}]}}