{"id":783,"date":"2021-10-21T14:50:00","date_gmt":"2021-10-21T17:50:00","guid":{"rendered":"https:\/\/isfd80-bue.infd.edu.ar\/sitio\/?page_id=783"},"modified":"2022-12-26T19:39:07","modified_gmt":"2022-12-26T22:39:07","slug":"solicitud-de-equivalencias","status":"publish","type":"page","link":"https:\/\/isfd80-bue.infd.edu.ar\/sitio\/solicitud-de-equivalencias\/","title":{"rendered":"Solicitud de equivalencias"},"content":{"rendered":"\n<p class=\"has-black-color has-cyan-bluish-gray-background-color has-text-color has-background has-medium-font-size\"><strong>\u00bfQu\u00e9 es el tr\u00e1mite de equivalencia? \u00bfCu\u00e1ndo se debe solicitar?<\/strong><\/p>\n\n\n\n<p class=\"has-text-align-left\">La solicitud de equivalencia es un tr\u00e1mite para poder acreditar una materia que aprobaste en otra carrera o instituci\u00f3n del Nivel Superior universitaria o no universitaria. El requisito para realizar la solicitud es que no deber\u00e1 exceder los 6 (seis) \u00faltimos a\u00f1os desde la fecha de acreditaci\u00f3n final.<\/p>\n\n\n\n<p>La solicitud se realizar\u00e1 sobre la totalidad de las unidades curriculares que integran el plan de estudios de la carrera a la que se solicita ingresar.<\/p>\n\n\n\n<p class=\"has-black-color has-cyan-bluish-gray-background-color has-text-color has-background has-medium-font-size\"><strong>Documentaci\u00f3n a presentar para realizar la solicitud:<\/strong><\/p>\n\n\n\n<ul><li><a rel=\"noreferrer noopener\" href=\"https:\/\/drive.google.com\/file\/d\/1t-3aj6sp1ZUjLONqxmpf6GszxzXXMNu3\/view?usp=sharing\" data-type=\"URL\" data-id=\"https:\/\/drive.google.com\/file\/d\/1t-3aj6sp1ZUjLONqxmpf6GszxzXXMNu3\/view?usp=sharing\" target=\"_blank\">Planilla resumen<\/a><\/li><li><a rel=\"noreferrer noopener\" href=\"https:\/\/drive.google.com\/file\/d\/1yFgI-yCMWZbikZBW0Ad6Lj2oZ0nENuOw\/view?usp=sharing\" data-type=\"URL\" data-id=\"https:\/\/drive.google.com\/file\/d\/1yFgI-yCMWZbikZBW0Ad6Lj2oZ0nENuOw\/view?usp=sharing\" target=\"_blank\">Planilla por materia<\/a><\/li><li>Programa de la materia <em>debidamente legalizado<\/em> por la Instituci\u00f3n en la que aprob\u00f3, donde conste carga horaria, contenidos, bibliograf\u00eda. <\/li><li>Fotocopia de anal\u00edtico donde figuren las calificaciones obtenidas en las materias solicitadas. Se debe entregar un anal\u00edtico por materia solicitada.<\/li><\/ul>\n\n\n\n<p class=\"has-black-color has-cyan-bluish-gray-background-color has-text-color has-background has-medium-font-size\"><strong>Equivalencias totales o parciales<\/strong><\/p>\n\n\n\n<p>Las equivalencias podr\u00e1n comprender la unidad curricular completa o s\u00f3lo una parte de la misma (equivalencia parcial). En este caso, ser\u00e1 necesario implementar un trayecto de actualizaci\u00f3n de saberes y el equipo docente determinar\u00e1 las fechas de trabajos indicados o plazos para el cumplimiento de otras acciones complementarias. <\/p>\n\n\n\n<p>En caso de reprobar o no presentar los trabajos o acciones complementarias, se fijar\u00e1 una segunda fecha. Si nuevamente el alumno resultara desaprobado o estuviere ausente, la Direcci\u00f3n del Instituto denegar\u00e1 la solicitud de equivalencia<\/p>\n","protected":false},"excerpt":{"rendered":"<p>\u00bfQu\u00e9 es el tr\u00e1mite de equivalencia? \u00bfCu\u00e1ndo se debe solicitar? La solicitud de equivalencia es un tr\u00e1mite para poder acreditar una materia que aprobaste en otra carrera o instituci\u00f3n del Nivel Superior universitaria o no universitaria. El requisito para realizar la solicitud es que no deber\u00e1 exceder los 6 (seis) \u00faltimos a\u00f1os desde la fecha &#8230; <a title=\"Solicitud de equivalencias\" class=\"read-more\" href=\"https:\/\/isfd80-bue.infd.edu.ar\/sitio\/solicitud-de-equivalencias\/\" aria-label=\"More on Solicitud de equivalencias\">[+]<\/a><\/p>\n","protected":false},"author":876,"featured_media":0,"parent":0,"menu_order":0,"comment_status":"closed","ping_status":"closed","template":"","meta":[],"acf":[],"_links":{"self":[{"href":"https:\/\/isfd80-bue.infd.edu.ar\/sitio\/wp-json\/wp\/v2\/pages\/783"}],"collection":[{"href":"https:\/\/isfd80-bue.infd.edu.ar\/sitio\/wp-json\/wp\/v2\/pages"}],"about":[{"href":"https:\/\/isfd80-bue.infd.edu.ar\/sitio\/wp-json\/wp\/v2\/types\/page"}],"author":[{"embeddable":true,"href":"https:\/\/isfd80-bue.infd.edu.ar\/sitio\/wp-json\/wp\/v2\/users\/876"}],"replies":[{"embeddable":true,"href":"https:\/\/isfd80-bue.infd.edu.ar\/sitio\/wp-json\/wp\/v2\/comments?post=783"}],"version-history":[{"count":8,"href":"https:\/\/isfd80-bue.infd.edu.ar\/sitio\/wp-json\/wp\/v2\/pages\/783\/revisions"}],"predecessor-version":[{"id":1529,"href":"https:\/\/isfd80-bue.infd.edu.ar\/sitio\/wp-json\/wp\/v2\/pages\/783\/revisions\/1529"}],"wp:attachment":[{"href":"https:\/\/isfd80-bue.infd.edu.ar\/sitio\/wp-json\/wp\/v2\/media?parent=783"}],"curies":[{"name":"wp","href":"https:\/\/api.w.org\/{rel}","templated":true}]}}