{"id":787,"date":"2021-10-21T14:57:11","date_gmt":"2021-10-21T17:57:11","guid":{"rendered":"https:\/\/isfd80-bue.infd.edu.ar\/sitio\/?page_id=787"},"modified":"2021-11-23T12:20:57","modified_gmt":"2021-11-23T15:20:57","slug":"regimen-academico-institucional","status":"publish","type":"page","link":"https:\/\/isfd80-bue.infd.edu.ar\/sitio\/regimen-academico-institucional\/","title":{"rendered":"R\u00e9gimen Acad\u00e9mico Institucional"},"content":{"rendered":"\n<p>El R\u00e9gimen Acad\u00e9mico Institucional (RAI) es un documento que se desprende del R\u00e9gimen Acad\u00e9mico Marco (RAM), y en su estructura  regula y establece normas en relaci\u00f3n a los siguientes aspectos:<\/p>\n\n\n\n<ul><li>Ingreso<\/li><li>Trayectoria Formativa<\/li><li>Permanencia y Promoci\u00f3n<ul><li>Condiciones para permanecer como estudiante regular<\/li><li>Modalidades de cursada y sus requerimientos<\/li><li>R\u00e9gimen para estudiantes libres<\/li><li>Reg\u00edmenes de acreditaci\u00f3n de materias (por promoci\u00f3n directa \/ con examen final)<\/li><li>Validez de la cursada de cada unidad curricular<\/li><li>Estudiantes que ingresan por pase<\/li><li>Equivalencias<\/li><li>Promedio General<\/li><li>Plan Institucional de Evaluaci\u00f3n de los Aprendizajes<\/li><\/ul><\/li><\/ul>\n\n\n\n<p>Las especificaciones y particularidades de nuestro RAI son debatidas y acordadas en el \u00e1mbito del Consejo Acad\u00e9mico Institucional (CAI)<\/p>\n\n\n\n<p><\/p>\n","protected":false},"excerpt":{"rendered":"<p>El R\u00e9gimen Acad\u00e9mico Institucional (RAI) es un documento que se desprende del R\u00e9gimen Acad\u00e9mico Marco (RAM), y en su estructura regula y establece normas en relaci\u00f3n a los siguientes aspectos: Ingreso Trayectoria Formativa Permanencia y Promoci\u00f3n Condiciones para permanecer como estudiante regular Modalidades de cursada y sus requerimientos R\u00e9gimen para estudiantes libres Reg\u00edmenes de acreditaci\u00f3n &#8230; <a title=\"R\u00e9gimen Acad\u00e9mico Institucional\" class=\"read-more\" href=\"https:\/\/isfd80-bue.infd.edu.ar\/sitio\/regimen-academico-institucional\/\" aria-label=\"More on R\u00e9gimen Acad\u00e9mico Institucional\">[+]<\/a><\/p>\n","protected":false},"author":876,"featured_media":0,"parent":0,"menu_order":0,"comment_status":"closed","ping_status":"closed","template":"","meta":[],"acf":[],"_links":{"self":[{"href":"https:\/\/isfd80-bue.infd.edu.ar\/sitio\/wp-json\/wp\/v2\/pages\/787"}],"collection":[{"href":"https:\/\/isfd80-bue.infd.edu.ar\/sitio\/wp-json\/wp\/v2\/pages"}],"about":[{"href":"https:\/\/isfd80-bue.infd.edu.ar\/sitio\/wp-json\/wp\/v2\/types\/page"}],"author":[{"embeddable":true,"href":"https:\/\/isfd80-bue.infd.edu.ar\/sitio\/wp-json\/wp\/v2\/users\/876"}],"replies":[{"embeddable":true,"href":"https:\/\/isfd80-bue.infd.edu.ar\/sitio\/wp-json\/wp\/v2\/comments?post=787"}],"version-history":[{"count":2,"href":"https:\/\/isfd80-bue.infd.edu.ar\/sitio\/wp-json\/wp\/v2\/pages\/787\/revisions"}],"predecessor-version":[{"id":1136,"href":"https:\/\/isfd80-bue.infd.edu.ar\/sitio\/wp-json\/wp\/v2\/pages\/787\/revisions\/1136"}],"wp:attachment":[{"href":"https:\/\/isfd80-bue.infd.edu.ar\/sitio\/wp-json\/wp\/v2\/media?parent=787"}],"curies":[{"name":"wp","href":"https:\/\/api.w.org\/{rel}","templated":true}]}}