{"id":796,"date":"2021-10-21T15:05:07","date_gmt":"2021-10-21T18:05:07","guid":{"rendered":"https:\/\/isfd80-bue.infd.edu.ar\/sitio\/?page_id=796"},"modified":"2025-11-17T15:36:10","modified_gmt":"2025-11-17T18:36:10","slug":"inscripciones","status":"publish","type":"page","link":"https:\/\/isfd80-bue.infd.edu.ar\/sitio\/inscripciones\/","title":{"rendered":"Inscripciones"},"content":{"rendered":"\n<p class=\"has-medium-font-size\"><strong>Preinscripci\u00f3n online <\/strong><\/p>\n\n\n\n<p><em>Preinscripci\u00f3n a carreras 2026 se abre en diciembre <\/em><\/p>\n\n\n\n<p>Completa el <a href=\"https:\/\/docs.google.com\/forms\/d\/e\/1FAIpQLScVyMouefuOYs-soMquFccfY-cgZqDzGchZu0YXcNg09WYevQ\/viewform\" data-type=\"URL\" data-id=\"https:\/\/forms.gle\/Bq3asYHtJSfJJkKb6\">formulario<\/a> con tus datos y selecciona la carrera que te guste. <\/p>\n\n\n\n<p class=\"has-medium-font-size\"><strong>Inscripci\u00f3n<\/strong><\/p>\n\n\n\n<p>Luego de realizar la pre-inscripci\u00f3n online, debe formalizar su inscripci\u00f3n presentando la siguiente documentaci\u00f3n:<\/p>\n\n\n\n<p class=\"has-medium-font-size\"><strong>Documentaci\u00f3n requerida para la inscripci\u00f3n a carreras 2026<\/strong><\/p>\n\n\n\n<ul>\n<li>Fotocopia de DNI<\/li>\n\n\n\n<li>Fotocopia del t\u00edtulo de nivel secundario, o bien constancia de t\u00edtulo en tr\u00e1mite<\/li>\n\n\n\n<li>2 Fotos Carnet<\/li>\n\n\n\n<li>Certificado de buena salud<\/li>\n\n\n\n<li>Planilla de inscripci\u00f3n 2026. Descargar <a href=\"https:\/\/drive.google.com\/file\/d\/1Cz71aMsd4Vaq2175L8vLznAqK3LDk-F6\/view?usp=sharing\" data-type=\"URL\" data-id=\"https:\/\/drive.google.com\/file\/d\/1sNo7C5r_Sl5ciD5seYpR3DvsGlv6Dz56\/view?usp=drive_link\" target=\"_blank\" rel=\"noreferrer noopener\">aqu\u00ed.<\/a> <a href=\"https:\/\/drive.google.com\/file\/d\/1wuHMjEtNVbqBXyPb7y7cls8dGh2-dfLb\/view?usp=share_link\" data-type=\"URL\" data-id=\"https:\/\/drive.google.com\/file\/d\/1wuHMjEtNVbqBXyPb7y7cls8dGh2-dfLb\/view?usp=share_link\"> <\/a><\/li>\n\n\n\n<li>Folio Tama\u00f1o Oficio<\/li>\n\n\n\n<li>Autorizaci\u00f3n para salidas educativas. Si sos menor de 18 a\u00f1os debes presentar el <a href=\"https:\/\/docs.google.com\/document\/d\/1yGYxx3t2L7IRnBTGX2itvOr-szxvzYa4\/edit?usp=drive_link&amp;ouid=100124722418141044121&amp;rtpof=true&amp;sd=true\" data-type=\"URL\" data-id=\"https:\/\/docs.google.com\/document\/d\/1yGYxx3t2L7IRnBTGX2itvOr-szxvzYa4\/edit?usp=drive_link&amp;ouid=100124722418141044121&amp;rtpof=true&amp;sd=true\">Anexo 3<\/a>. Si sos mayor de 18 a\u00f1os debes presentar el <a href=\"https:\/\/docs.google.com\/document\/d\/1vlcM-xO-VVL55E0V36hkWWM6ihIWNiRP\/edit?usp=drive_link&amp;ouid=100124722418141044121&amp;rtpof=true&amp;sd=true\" data-type=\"URL\" data-id=\"https:\/\/docs.google.com\/document\/d\/1vlcM-xO-VVL55E0V36hkWWM6ihIWNiRP\/edit?usp=drive_link&amp;ouid=100124722418141044121&amp;rtpof=true&amp;sd=true\">Anexo 7 <\/a><\/li>\n<\/ul>\n\n\n\n<ul>\n<li>Presentar el folio con documentaci\u00f3n en formato papel en el Instituto<\/li>\n\n\n\n<li>Inscripci\u00f3n abierta<\/li>\n\n\n\n<li>de 15 a 20 horas<\/li>\n<\/ul>\n\n\n\n<p>\u00abSer\u00e1 condici\u00f3n para la inscripci\u00f3n haber cursado estudios secundarios completos. En este sentido se fija hasta el 31 de Julio del a\u00f1o de la inscripci\u00f3n, como plazo l\u00edmite para la presentaci\u00f3n de la documentaci\u00f3n respaldatoria\u00bb que acredite que no se adeuda ninguna materia del nivel secundario.<\/p>\n\n\n\n<p>Ante cualquier inquietud, puede comunicarse al siguiente correo electr\u00f3nico preceptoriainst80@gmail.com<\/p>\n\n\n\n<p class=\"has-text-align-center has-luminous-vivid-orange-color has-text-color has-large-font-size\"><\/p>\n\n\n\n<p>El env\u00edo de la preinscripci\u00f3n online NO significa que ya est\u00e1 inscripto. S\u00f3lo se est\u00e1 inscripto cuando presenta la totalidad de la documentaci\u00f3n solicitada.<\/p>\n\n\n\n<p class=\"has-text-align-center has-luminous-vivid-orange-color has-text-color has-medium-font-size\"><strong>TODAS LAS CARRERAS SON DE MODALIDAD PRESENCIAL<\/strong> <strong>Y GRATUITAS<\/strong><\/p>\n","protected":false},"excerpt":{"rendered":"<p>Preinscripci\u00f3n online Preinscripci\u00f3n a carreras 2026 se abre en diciembre Completa el formulario con tus datos y selecciona la carrera que te guste. Inscripci\u00f3n Luego de realizar la pre-inscripci\u00f3n online, debe formalizar su inscripci\u00f3n presentando la siguiente documentaci\u00f3n: Documentaci\u00f3n requerida para la inscripci\u00f3n a carreras 2026 \u00abSer\u00e1 condici\u00f3n para la inscripci\u00f3n haber cursado estudios secundarios &#8230; <a title=\"Inscripciones\" class=\"read-more\" href=\"https:\/\/isfd80-bue.infd.edu.ar\/sitio\/inscripciones\/\" aria-label=\"More on Inscripciones\">[+]<\/a><\/p>\n","protected":false},"author":876,"featured_media":0,"parent":0,"menu_order":0,"comment_status":"closed","ping_status":"closed","template":"","meta":[],"acf":[],"_links":{"self":[{"href":"https:\/\/isfd80-bue.infd.edu.ar\/sitio\/wp-json\/wp\/v2\/pages\/796"}],"collection":[{"href":"https:\/\/isfd80-bue.infd.edu.ar\/sitio\/wp-json\/wp\/v2\/pages"}],"about":[{"href":"https:\/\/isfd80-bue.infd.edu.ar\/sitio\/wp-json\/wp\/v2\/types\/page"}],"author":[{"embeddable":true,"href":"https:\/\/isfd80-bue.infd.edu.ar\/sitio\/wp-json\/wp\/v2\/users\/876"}],"replies":[{"embeddable":true,"href":"https:\/\/isfd80-bue.infd.edu.ar\/sitio\/wp-json\/wp\/v2\/comments?post=796"}],"version-history":[{"count":51,"href":"https:\/\/isfd80-bue.infd.edu.ar\/sitio\/wp-json\/wp\/v2\/pages\/796\/revisions"}],"predecessor-version":[{"id":1750,"href":"https:\/\/isfd80-bue.infd.edu.ar\/sitio\/wp-json\/wp\/v2\/pages\/796\/revisions\/1750"}],"wp:attachment":[{"href":"https:\/\/isfd80-bue.infd.edu.ar\/sitio\/wp-json\/wp\/v2\/media?parent=796"}],"curies":[{"name":"wp","href":"https:\/\/api.w.org\/{rel}","templated":true}]}}