{"id":805,"date":"2021-10-21T15:11:04","date_gmt":"2021-10-21T18:11:04","guid":{"rendered":"https:\/\/isfd80-bue.infd.edu.ar\/sitio\/?page_id=805"},"modified":"2023-09-04T16:10:01","modified_gmt":"2023-09-04T19:10:01","slug":"equipo","status":"publish","type":"page","link":"https:\/\/isfd80-bue.infd.edu.ar\/sitio\/equipo\/","title":{"rendered":"Equipo"},"content":{"rendered":"\n<p class=\"has-text-align-center\"><br><strong>Directora<\/strong><br>Gabriela V. Garc\u00eda<br><\/p>\n\n\n\n<p class=\"has-text-align-center\"><strong>Regente<\/strong><br>Mariela Sard\u00e1 Fern\u00e1ndez<br><\/p>\n\n\n\n<p class=\"has-text-align-center\"><strong>Secretaria<br><\/strong>Karen Balbuena<\/p>\n\n\n\n<p class=\"has-text-align-center\"><strong>Preceptoras\/es<\/strong><br>Itat\u00ed Cabrera<br>Marcela Rold\u00e1n<br>Sergio Sabattini<br><\/p>\n\n\n\n<p class=\"has-text-align-center\"><strong>Bibliotecaria<\/strong><br>Jimena Alonso<\/p>\n\n\n\n<p class=\"has-text-align-center\"><strong>CIPE<br><\/strong>Valentina Ferrero<\/p>\n","protected":false},"excerpt":{"rendered":"<p>DirectoraGabriela V. Garc\u00eda RegenteMariela Sard\u00e1 Fern\u00e1ndez SecretariaKaren Balbuena Preceptoras\/esItat\u00ed CabreraMarcela Rold\u00e1nSergio Sabattini BibliotecariaJimena Alonso CIPEValentina Ferrero<\/p>\n","protected":false},"author":876,"featured_media":0,"parent":0,"menu_order":0,"comment_status":"closed","ping_status":"closed","template":"","meta":[],"acf":[],"_links":{"self":[{"href":"https:\/\/isfd80-bue.infd.edu.ar\/sitio\/wp-json\/wp\/v2\/pages\/805"}],"collection":[{"href":"https:\/\/isfd80-bue.infd.edu.ar\/sitio\/wp-json\/wp\/v2\/pages"}],"about":[{"href":"https:\/\/isfd80-bue.infd.edu.ar\/sitio\/wp-json\/wp\/v2\/types\/page"}],"author":[{"embeddable":true,"href":"https:\/\/isfd80-bue.infd.edu.ar\/sitio\/wp-json\/wp\/v2\/users\/876"}],"replies":[{"embeddable":true,"href":"https:\/\/isfd80-bue.infd.edu.ar\/sitio\/wp-json\/wp\/v2\/comments?post=805"}],"version-history":[{"count":9,"href":"https:\/\/isfd80-bue.infd.edu.ar\/sitio\/wp-json\/wp\/v2\/pages\/805\/revisions"}],"predecessor-version":[{"id":1615,"href":"https:\/\/isfd80-bue.infd.edu.ar\/sitio\/wp-json\/wp\/v2\/pages\/805\/revisions\/1615"}],"wp:attachment":[{"href":"https:\/\/isfd80-bue.infd.edu.ar\/sitio\/wp-json\/wp\/v2\/media?parent=805"}],"curies":[{"name":"wp","href":"https:\/\/api.w.org\/{rel}","templated":true}]}}